{"id":175,"date":"2017-10-09T11:17:21","date_gmt":"2017-10-09T09:17:21","guid":{"rendered":"https:\/\/www.zimne-zahrady.sk\/domains\/zimne-zahrady.sk\/?page_id=175"},"modified":"2017-11-09T10:33:39","modified_gmt":"2017-11-09T09:33:39","slug":"bezramovy-posuvny-zasklievaci-system-montalu-klasik","status":"publish","type":"page","link":"https:\/\/www.zimne-zahrady.sk\/domains\/zimne-zahrady.sk\/zasklievanie-balkonov\/bezramovy-posuvny-zasklievaci-system-montalu-klasik\/","title":{"rendered":"Bezr\u00e1mov\u00fd pos\u00favny zasklievac\u00ed syst\u00e9m Montalu klasik"},"content":{"rendered":"<p>Syst\u00e9m sa sklad\u00e1 so spodn\u00e9ho r\u00e1mu a v\u00fdplne na 2, 3 a 4 radov\u00fdch, obojstranne pohybliv\u00fdch ko\u013eajnicov\u00fdch syst\u00e9moch. Pojazdov\u00e9 kladky s\u00fa z nerezu, materi\u00e1lu s dlhou \u017eivotnos\u0165ou. Spodn\u00e9 vodiace r\u00e1my s\u00fa vyroben\u00e9 z hlin\u00edka, utesnen\u00e9 silik\u00f3nom, ktor\u00fd chr\u00e1ni vn\u00fatorn\u00fd priestor pred vonkaj\u0161\u00edmi vplyvmi. V\u00fdpl\u0148 tvor\u00ed 6 mm kalen\u00e9 bezpe\u010dnostn\u00e9 sklo. Pre bo\u010dn\u00e9 presklenie sa pou\u017e\u00edva 2-radov\u00fd syst\u00e9m.<\/p>\n<div id='gallery-1' class='gallery galleryid-175 gallery-columns-4 gallery-size-thumbnail'><figure class='gallery-item'>\n\t\t\t<div class='gallery-icon landscape'>\n\t\t\t\t<a href='https:\/\/www.zimne-zahrady.sk\/domains\/zimne-zahrady.sk\/wp-content\/uploads\/2017\/10\/montalu-zasklenie-balkonov-system-klasik-1.jpg'><img loading=\"lazy\" decoding=\"async\" width=\"150\" height=\"150\" src=\"https:\/\/www.zimne-zahrady.sk\/domains\/zimne-zahrady.sk\/wp-content\/uploads\/2017\/10\/montalu-zasklenie-balkonov-system-klasik-1-150x150.jpg\" class=\"attachment-thumbnail size-thumbnail\" alt=\"\" \/><\/a>\n\t\t\t<\/div><\/figure><figure class='gallery-item'>\n\t\t\t<div class='gallery-icon landscape'>\n\t\t\t\t<a href='https:\/\/www.zimne-zahrady.sk\/domains\/zimne-zahrady.sk\/wp-content\/uploads\/2017\/10\/montalu-zasklenie-balkonov-system-klasik-2.jpg'><img loading=\"lazy\" decoding=\"async\" width=\"150\" height=\"150\" src=\"https:\/\/www.zimne-zahrady.sk\/domains\/zimne-zahrady.sk\/wp-content\/uploads\/2017\/10\/montalu-zasklenie-balkonov-system-klasik-2-150x150.jpg\" class=\"attachment-thumbnail size-thumbnail\" alt=\"\" \/><\/a>\n\t\t\t<\/div><\/figure><figure class='gallery-item'>\n\t\t\t<div class='gallery-icon landscape'>\n\t\t\t\t<a href='https:\/\/www.zimne-zahrady.sk\/domains\/zimne-zahrady.sk\/wp-content\/uploads\/2017\/10\/montalu-zasklenie-balkonov-system-klasik-3-1.jpg'><img loading=\"lazy\" decoding=\"async\" width=\"150\" height=\"150\" src=\"https:\/\/www.zimne-zahrady.sk\/domains\/zimne-zahrady.sk\/wp-content\/uploads\/2017\/10\/montalu-zasklenie-balkonov-system-klasik-3-1-150x150.jpg\" class=\"attachment-thumbnail size-thumbnail\" alt=\"\" \/><\/a>\n\t\t\t<\/div><\/figure><figure class='gallery-item'>\n\t\t\t<div class='gallery-icon landscape'>\n\t\t\t\t<a href='https:\/\/www.zimne-zahrady.sk\/domains\/zimne-zahrady.sk\/wp-content\/uploads\/2017\/10\/montalu-zasklenie-balkonov-system-klasik-4.jpg'><img loading=\"lazy\" decoding=\"async\" width=\"150\" height=\"150\" src=\"https:\/\/www.zimne-zahrady.sk\/domains\/zimne-zahrady.sk\/wp-content\/uploads\/2017\/10\/montalu-zasklenie-balkonov-system-klasik-4-150x150.jpg\" class=\"attachment-thumbnail size-thumbnail\" alt=\"\" \/><\/a>\n\t\t\t<\/div><\/figure>\n\t\t<\/div>\n\n","protected":false},"excerpt":{"rendered":"<p>Syst\u00e9m sa sklad\u00e1 so spodn\u00e9ho r\u00e1mu a v\u00fdplne na 2, 3 a 4 radov\u00fdch, obojstranne pohybliv\u00fdch ko\u013eajnicov\u00fdch syst\u00e9moch. Pojazdov\u00e9 kladky<\/p>\n","protected":false},"author":1,"featured_media":0,"parent":40,"menu_order":0,"comment_status":"closed","ping_status":"closed","template":"","meta":{"colormag_page_container_layout":"default_layout","colormag_page_sidebar_layout":"default_layout","footnotes":""},"class_list":["post-175","page","type-page","status-publish","hentry"],"_links":{"self":[{"href":"https:\/\/www.zimne-zahrady.sk\/domains\/zimne-zahrady.sk\/wp-json\/wp\/v2\/pages\/175","targetHints":{"allow":["GET"]}}],"collection":[{"href":"https:\/\/www.zimne-zahrady.sk\/domains\/zimne-zahrady.sk\/wp-json\/wp\/v2\/pages"}],"about":[{"href":"https:\/\/www.zimne-zahrady.sk\/domains\/zimne-zahrady.sk\/wp-json\/wp\/v2\/types\/page"}],"author":[{"embeddable":true,"href":"https:\/\/www.zimne-zahrady.sk\/domains\/zimne-zahrady.sk\/wp-json\/wp\/v2\/users\/1"}],"replies":[{"embeddable":true,"href":"https:\/\/www.zimne-zahrady.sk\/domains\/zimne-zahrady.sk\/wp-json\/wp\/v2\/comments?post=175"}],"version-history":[{"count":5,"href":"https:\/\/www.zimne-zahrady.sk\/domains\/zimne-zahrady.sk\/wp-json\/wp\/v2\/pages\/175\/revisions"}],"predecessor-version":[{"id":678,"href":"https:\/\/www.zimne-zahrady.sk\/domains\/zimne-zahrady.sk\/wp-json\/wp\/v2\/pages\/175\/revisions\/678"}],"up":[{"embeddable":true,"href":"https:\/\/www.zimne-zahrady.sk\/domains\/zimne-zahrady.sk\/wp-json\/wp\/v2\/pages\/40"}],"wp:attachment":[{"href":"https:\/\/www.zimne-zahrady.sk\/domains\/zimne-zahrady.sk\/wp-json\/wp\/v2\/media?parent=175"}],"curies":[{"name":"wp","href":"https:\/\/api.w.org\/{rel}","templated":true}]}}