{"id":177,"date":"2017-10-09T11:17:34","date_gmt":"2017-10-09T09:17:34","guid":{"rendered":"https:\/\/www.zimne-zahrady.sk\/domains\/zimne-zahrady.sk\/?page_id=177"},"modified":"2017-11-09T10:47:09","modified_gmt":"2017-11-09T09:47:09","slug":"bezramovy-otocny-zasklievaci-system-montalu-lux","status":"publish","type":"page","link":"https:\/\/www.zimne-zahrady.sk\/domains\/zimne-zahrady.sk\/zasklievanie-balkonov\/bezramovy-otocny-zasklievaci-system-montalu-lux\/","title":{"rendered":"Bezr\u00e1mov\u00fd oto\u010dn\u00fd zasklievac\u00ed syst\u00e9m Montalu lux"},"content":{"rendered":"<p>Bezr\u00e1mov\u00fd oto\u010dn\u00fd zasklievac\u00ed syst\u00e9m z \u010d\u00edreho, bezpe\u010dnostn\u00e9ho, 6 mm skla a vodiacich hlin\u00edkov\u00fdch profilov je ur\u010den\u00fd na zasklenie lod\u017ei\u00ed, balk\u00f3nov a v\u00fdklenkov domov. Syst\u00e9m garantuje minimaliz\u00e1ciu tepeln\u00fdch str\u00e1t, ochranu proti vplyvom nepriazniv\u00e9ho po\u010dasia, hluku, prachu a exhal\u00e1ci\u00e1m.<\/p>\n<div id='gallery-1' class='gallery galleryid-177 gallery-columns-4 gallery-size-thumbnail'><figure class='gallery-item'>\n\t\t\t<div class='gallery-icon landscape'>\n\t\t\t\t<a href='https:\/\/www.zimne-zahrady.sk\/domains\/zimne-zahrady.sk\/wp-content\/uploads\/2017\/10\/montalu-zasklenie-balkonov-lux-9.jpg'><img loading=\"lazy\" decoding=\"async\" width=\"150\" height=\"150\" src=\"https:\/\/www.zimne-zahrady.sk\/domains\/zimne-zahrady.sk\/wp-content\/uploads\/2017\/10\/montalu-zasklenie-balkonov-lux-9-150x150.jpg\" class=\"attachment-thumbnail size-thumbnail\" alt=\"\" \/><\/a>\n\t\t\t<\/div><\/figure><figure class='gallery-item'>\n\t\t\t<div class='gallery-icon landscape'>\n\t\t\t\t<a href='https:\/\/www.zimne-zahrady.sk\/domains\/zimne-zahrady.sk\/wp-content\/uploads\/2017\/10\/montalu-zasklenie-balkonov-lux-10.jpg'><img loading=\"lazy\" decoding=\"async\" width=\"150\" height=\"150\" src=\"https:\/\/www.zimne-zahrady.sk\/domains\/zimne-zahrady.sk\/wp-content\/uploads\/2017\/10\/montalu-zasklenie-balkonov-lux-10-150x150.jpg\" class=\"attachment-thumbnail size-thumbnail\" alt=\"\" \/><\/a>\n\t\t\t<\/div><\/figure><figure class='gallery-item'>\n\t\t\t<div class='gallery-icon landscape'>\n\t\t\t\t<a href='https:\/\/www.zimne-zahrady.sk\/domains\/zimne-zahrady.sk\/wp-content\/uploads\/2017\/10\/montalu-zasklenie-balkonov-system-lux-2.jpg'><img loading=\"lazy\" decoding=\"async\" width=\"150\" height=\"150\" src=\"https:\/\/www.zimne-zahrady.sk\/domains\/zimne-zahrady.sk\/wp-content\/uploads\/2017\/10\/montalu-zasklenie-balkonov-system-lux-2-150x150.jpg\" class=\"attachment-thumbnail size-thumbnail\" alt=\"\" \/><\/a>\n\t\t\t<\/div><\/figure><figure class='gallery-item'>\n\t\t\t<div class='gallery-icon landscape'>\n\t\t\t\t<a href='https:\/\/www.zimne-zahrady.sk\/domains\/zimne-zahrady.sk\/wp-content\/uploads\/2017\/10\/montalu-zasklenie-balkonov-system-lux-3.jpg'><img loading=\"lazy\" decoding=\"async\" width=\"150\" height=\"150\" src=\"https:\/\/www.zimne-zahrady.sk\/domains\/zimne-zahrady.sk\/wp-content\/uploads\/2017\/10\/montalu-zasklenie-balkonov-system-lux-3-150x150.jpg\" class=\"attachment-thumbnail size-thumbnail\" alt=\"\" \/><\/a>\n\t\t\t<\/div><\/figure><figure class='gallery-item'>\n\t\t\t<div class='gallery-icon landscape'>\n\t\t\t\t<a href='https:\/\/www.zimne-zahrady.sk\/domains\/zimne-zahrady.sk\/wp-content\/uploads\/2017\/10\/unnamed-1.jpg'><img loading=\"lazy\" decoding=\"async\" width=\"150\" height=\"150\" src=\"https:\/\/www.zimne-zahrady.sk\/domains\/zimne-zahrady.sk\/wp-content\/uploads\/2017\/10\/unnamed-1-150x150.jpg\" class=\"attachment-thumbnail size-thumbnail\" alt=\"\" \/><\/a>\n\t\t\t<\/div><\/figure><figure class='gallery-item'>\n\t\t\t<div class='gallery-icon portrait'>\n\t\t\t\t<a href='https:\/\/www.zimne-zahrady.sk\/domains\/zimne-zahrady.sk\/wp-content\/uploads\/2017\/10\/unnamed-2.jpg'><img loading=\"lazy\" decoding=\"async\" width=\"150\" height=\"150\" src=\"https:\/\/www.zimne-zahrady.sk\/domains\/zimne-zahrady.sk\/wp-content\/uploads\/2017\/10\/unnamed-2-150x150.jpg\" class=\"attachment-thumbnail size-thumbnail\" alt=\"\" \/><\/a>\n\t\t\t<\/div><\/figure><figure class='gallery-item'>\n\t\t\t<div class='gallery-icon portrait'>\n\t\t\t\t<a href='https:\/\/www.zimne-zahrady.sk\/domains\/zimne-zahrady.sk\/wp-content\/uploads\/2017\/10\/unnamed-3.jpg'><img loading=\"lazy\" decoding=\"async\" width=\"150\" height=\"150\" src=\"https:\/\/www.zimne-zahrady.sk\/domains\/zimne-zahrady.sk\/wp-content\/uploads\/2017\/10\/unnamed-3-150x150.jpg\" class=\"attachment-thumbnail size-thumbnail\" alt=\"\" \/><\/a>\n\t\t\t<\/div><\/figure><figure class='gallery-item'>\n\t\t\t<div class='gallery-icon portrait'>\n\t\t\t\t<a href='https:\/\/www.zimne-zahrady.sk\/domains\/zimne-zahrady.sk\/wp-content\/uploads\/2017\/10\/unnamed-4.jpg'><img loading=\"lazy\" decoding=\"async\" width=\"150\" height=\"150\" src=\"https:\/\/www.zimne-zahrady.sk\/domains\/zimne-zahrady.sk\/wp-content\/uploads\/2017\/10\/unnamed-4-150x150.jpg\" class=\"attachment-thumbnail size-thumbnail\" alt=\"\" \/><\/a>\n\t\t\t<\/div><\/figure><figure class='gallery-item'>\n\t\t\t<div class='gallery-icon portrait'>\n\t\t\t\t<a href='https:\/\/www.zimne-zahrady.sk\/domains\/zimne-zahrady.sk\/wp-content\/uploads\/2017\/10\/unnamed-5.jpg'><img loading=\"lazy\" decoding=\"async\" width=\"150\" height=\"150\" src=\"https:\/\/www.zimne-zahrady.sk\/domains\/zimne-zahrady.sk\/wp-content\/uploads\/2017\/10\/unnamed-5-150x150.jpg\" class=\"attachment-thumbnail size-thumbnail\" alt=\"\" \/><\/a>\n\t\t\t<\/div><\/figure><figure class='gallery-item'>\n\t\t\t<div class='gallery-icon portrait'>\n\t\t\t\t<a href='https:\/\/www.zimne-zahrady.sk\/domains\/zimne-zahrady.sk\/wp-content\/uploads\/2017\/10\/unnamed-6.jpg'><img loading=\"lazy\" decoding=\"async\" width=\"150\" height=\"150\" src=\"https:\/\/www.zimne-zahrady.sk\/domains\/zimne-zahrady.sk\/wp-content\/uploads\/2017\/10\/unnamed-6-150x150.jpg\" class=\"attachment-thumbnail size-thumbnail\" alt=\"\" \/><\/a>\n\t\t\t<\/div><\/figure><figure class='gallery-item'>\n\t\t\t<div class='gallery-icon portrait'>\n\t\t\t\t<a href='https:\/\/www.zimne-zahrady.sk\/domains\/zimne-zahrady.sk\/wp-content\/uploads\/2017\/10\/unnamed-7.jpg'><img loading=\"lazy\" decoding=\"async\" width=\"150\" height=\"150\" src=\"https:\/\/www.zimne-zahrady.sk\/domains\/zimne-zahrady.sk\/wp-content\/uploads\/2017\/10\/unnamed-7-150x150.jpg\" class=\"attachment-thumbnail size-thumbnail\" alt=\"\" \/><\/a>\n\t\t\t<\/div><\/figure><figure class='gallery-item'>\n\t\t\t<div class='gallery-icon portrait'>\n\t\t\t\t<a href='https:\/\/www.zimne-zahrady.sk\/domains\/zimne-zahrady.sk\/wp-content\/uploads\/2017\/10\/unnamed-8.jpg'><img loading=\"lazy\" decoding=\"async\" width=\"150\" height=\"150\" src=\"https:\/\/www.zimne-zahrady.sk\/domains\/zimne-zahrady.sk\/wp-content\/uploads\/2017\/10\/unnamed-8-150x150.jpg\" class=\"attachment-thumbnail size-thumbnail\" alt=\"\" \/><\/a>\n\t\t\t<\/div><\/figure><figure class='gallery-item'>\n\t\t\t<div class='gallery-icon portrait'>\n\t\t\t\t<a href='https:\/\/www.zimne-zahrady.sk\/domains\/zimne-zahrady.sk\/wp-content\/uploads\/2017\/10\/unnamed-9.jpg'><img loading=\"lazy\" decoding=\"async\" width=\"150\" height=\"150\" src=\"https:\/\/www.zimne-zahrady.sk\/domains\/zimne-zahrady.sk\/wp-content\/uploads\/2017\/10\/unnamed-9-150x150.jpg\" class=\"attachment-thumbnail size-thumbnail\" alt=\"\" \/><\/a>\n\t\t\t<\/div><\/figure><figure class='gallery-item'>\n\t\t\t<div class='gallery-icon landscape'>\n\t\t\t\t<a href='https:\/\/www.zimne-zahrady.sk\/domains\/zimne-zahrady.sk\/wp-content\/uploads\/2017\/10\/unnamed-10.jpg'><img loading=\"lazy\" decoding=\"async\" width=\"150\" height=\"150\" src=\"https:\/\/www.zimne-zahrady.sk\/domains\/zimne-zahrady.sk\/wp-content\/uploads\/2017\/10\/unnamed-10-150x150.jpg\" class=\"attachment-thumbnail size-thumbnail\" alt=\"\" \/><\/a>\n\t\t\t<\/div><\/figure><figure class='gallery-item'>\n\t\t\t<div class='gallery-icon landscape'>\n\t\t\t\t<a href='https:\/\/www.zimne-zahrady.sk\/domains\/zimne-zahrady.sk\/wp-content\/uploads\/2017\/10\/unnamed-11.jpg'><img loading=\"lazy\" decoding=\"async\" width=\"150\" height=\"150\" src=\"https:\/\/www.zimne-zahrady.sk\/domains\/zimne-zahrady.sk\/wp-content\/uploads\/2017\/10\/unnamed-11-150x150.jpg\" class=\"attachment-thumbnail size-thumbnail\" alt=\"\" \/><\/a>\n\t\t\t<\/div><\/figure><figure class='gallery-item'>\n\t\t\t<div class='gallery-icon portrait'>\n\t\t\t\t<a href='https:\/\/www.zimne-zahrady.sk\/domains\/zimne-zahrady.sk\/wp-content\/uploads\/2017\/10\/unnamed-12.jpg'><img loading=\"lazy\" decoding=\"async\" width=\"150\" height=\"150\" src=\"https:\/\/www.zimne-zahrady.sk\/domains\/zimne-zahrady.sk\/wp-content\/uploads\/2017\/10\/unnamed-12-150x150.jpg\" class=\"attachment-thumbnail size-thumbnail\" alt=\"\" \/><\/a>\n\t\t\t<\/div><\/figure><figure class='gallery-item'>\n\t\t\t<div class='gallery-icon landscape'>\n\t\t\t\t<a href='https:\/\/www.zimne-zahrady.sk\/domains\/zimne-zahrady.sk\/wp-content\/uploads\/2017\/10\/unnamed-13.jpg'><img loading=\"lazy\" decoding=\"async\" width=\"150\" height=\"150\" src=\"https:\/\/www.zimne-zahrady.sk\/domains\/zimne-zahrady.sk\/wp-content\/uploads\/2017\/10\/unnamed-13-150x150.jpg\" class=\"attachment-thumbnail size-thumbnail\" alt=\"\" \/><\/a>\n\t\t\t<\/div><\/figure><figure class='gallery-item'>\n\t\t\t<div class='gallery-icon portrait'>\n\t\t\t\t<a href='https:\/\/www.zimne-zahrady.sk\/domains\/zimne-zahrady.sk\/wp-content\/uploads\/2017\/10\/unnamed-14.jpg'><img loading=\"lazy\" decoding=\"async\" width=\"150\" height=\"150\" src=\"https:\/\/www.zimne-zahrady.sk\/domains\/zimne-zahrady.sk\/wp-content\/uploads\/2017\/10\/unnamed-14-150x150.jpg\" class=\"attachment-thumbnail size-thumbnail\" alt=\"\" \/><\/a>\n\t\t\t<\/div><\/figure><figure class='gallery-item'>\n\t\t\t<div class='gallery-icon portrait'>\n\t\t\t\t<a href='https:\/\/www.zimne-zahrady.sk\/domains\/zimne-zahrady.sk\/wp-content\/uploads\/2017\/10\/unnamed-15.jpg'><img loading=\"lazy\" decoding=\"async\" width=\"150\" height=\"150\" src=\"https:\/\/www.zimne-zahrady.sk\/domains\/zimne-zahrady.sk\/wp-content\/uploads\/2017\/10\/unnamed-15-150x150.jpg\" class=\"attachment-thumbnail size-thumbnail\" alt=\"\" \/><\/a>\n\t\t\t<\/div><\/figure><figure class='gallery-item'>\n\t\t\t<div class='gallery-icon portrait'>\n\t\t\t\t<a href='https:\/\/www.zimne-zahrady.sk\/domains\/zimne-zahrady.sk\/wp-content\/uploads\/2017\/10\/unnamed-16.jpg'><img loading=\"lazy\" decoding=\"async\" width=\"150\" height=\"150\" src=\"https:\/\/www.zimne-zahrady.sk\/domains\/zimne-zahrady.sk\/wp-content\/uploads\/2017\/10\/unnamed-16-150x150.jpg\" class=\"attachment-thumbnail size-thumbnail\" alt=\"\" \/><\/a>\n\t\t\t<\/div><\/figure><figure class='gallery-item'>\n\t\t\t<div class='gallery-icon portrait'>\n\t\t\t\t<a href='https:\/\/www.zimne-zahrady.sk\/domains\/zimne-zahrady.sk\/wp-content\/uploads\/2017\/10\/unnamed-17.jpg'><img loading=\"lazy\" decoding=\"async\" width=\"150\" height=\"150\" src=\"https:\/\/www.zimne-zahrady.sk\/domains\/zimne-zahrady.sk\/wp-content\/uploads\/2017\/10\/unnamed-17-150x150.jpg\" class=\"attachment-thumbnail size-thumbnail\" alt=\"\" \/><\/a>\n\t\t\t<\/div><\/figure><figure class='gallery-item'>\n\t\t\t<div class='gallery-icon landscape'>\n\t\t\t\t<a href='https:\/\/www.zimne-zahrady.sk\/domains\/zimne-zahrady.sk\/wp-content\/uploads\/2017\/10\/unnamed-18.jpg'><img loading=\"lazy\" decoding=\"async\" width=\"150\" height=\"150\" src=\"https:\/\/www.zimne-zahrady.sk\/domains\/zimne-zahrady.sk\/wp-content\/uploads\/2017\/10\/unnamed-18-150x150.jpg\" class=\"attachment-thumbnail size-thumbnail\" alt=\"\" \/><\/a>\n\t\t\t<\/div><\/figure><figure class='gallery-item'>\n\t\t\t<div class='gallery-icon portrait'>\n\t\t\t\t<a href='https:\/\/www.zimne-zahrady.sk\/domains\/zimne-zahrady.sk\/wp-content\/uploads\/2017\/10\/unnamed-19.jpg'><img loading=\"lazy\" decoding=\"async\" width=\"150\" height=\"150\" src=\"https:\/\/www.zimne-zahrady.sk\/domains\/zimne-zahrady.sk\/wp-content\/uploads\/2017\/10\/unnamed-19-150x150.jpg\" class=\"attachment-thumbnail size-thumbnail\" alt=\"\" \/><\/a>\n\t\t\t<\/div><\/figure><figure class='gallery-item'>\n\t\t\t<div class='gallery-icon portrait'>\n\t\t\t\t<a href='https:\/\/www.zimne-zahrady.sk\/domains\/zimne-zahrady.sk\/wp-content\/uploads\/2017\/10\/unnamed-20.jpg'><img loading=\"lazy\" decoding=\"async\" width=\"150\" height=\"150\" src=\"https:\/\/www.zimne-zahrady.sk\/domains\/zimne-zahrady.sk\/wp-content\/uploads\/2017\/10\/unnamed-20-150x150.jpg\" class=\"attachment-thumbnail size-thumbnail\" alt=\"\" \/><\/a>\n\t\t\t<\/div><\/figure><figure class='gallery-item'>\n\t\t\t<div class='gallery-icon portrait'>\n\t\t\t\t<a href='https:\/\/www.zimne-zahrady.sk\/domains\/zimne-zahrady.sk\/wp-content\/uploads\/2017\/10\/unnamed-21.jpg'><img loading=\"lazy\" decoding=\"async\" width=\"150\" height=\"150\" src=\"https:\/\/www.zimne-zahrady.sk\/domains\/zimne-zahrady.sk\/wp-content\/uploads\/2017\/10\/unnamed-21-150x150.jpg\" class=\"attachment-thumbnail size-thumbnail\" alt=\"\" \/><\/a>\n\t\t\t<\/div><\/figure><figure class='gallery-item'>\n\t\t\t<div class='gallery-icon portrait'>\n\t\t\t\t<a href='https:\/\/www.zimne-zahrady.sk\/domains\/zimne-zahrady.sk\/wp-content\/uploads\/2017\/10\/unnamed-22.jpg'><img loading=\"lazy\" decoding=\"async\" width=\"150\" height=\"150\" src=\"https:\/\/www.zimne-zahrady.sk\/domains\/zimne-zahrady.sk\/wp-content\/uploads\/2017\/10\/unnamed-22-150x150.jpg\" class=\"attachment-thumbnail size-thumbnail\" alt=\"\" \/><\/a>\n\t\t\t<\/div><\/figure><figure class='gallery-item'>\n\t\t\t<div class='gallery-icon landscape'>\n\t\t\t\t<a href='https:\/\/www.zimne-zahrady.sk\/domains\/zimne-zahrady.sk\/wp-content\/uploads\/2017\/10\/unnamed.jpg'><img loading=\"lazy\" decoding=\"async\" width=\"150\" height=\"150\" src=\"https:\/\/www.zimne-zahrady.sk\/domains\/zimne-zahrady.sk\/wp-content\/uploads\/2017\/10\/unnamed-150x150.jpg\" class=\"attachment-thumbnail size-thumbnail\" alt=\"\" \/><\/a>\n\t\t\t<\/div><\/figure>\n\t\t<\/div>\n\n","protected":false},"excerpt":{"rendered":"<p>Bezr\u00e1mov\u00fd oto\u010dn\u00fd zasklievac\u00ed syst\u00e9m z \u010d\u00edreho, bezpe\u010dnostn\u00e9ho, 6 mm skla a vodiacich hlin\u00edkov\u00fdch profilov je ur\u010den\u00fd na zasklenie lod\u017ei\u00ed, balk\u00f3nov<\/p>\n","protected":false},"author":1,"featured_media":0,"parent":40,"menu_order":0,"comment_status":"closed","ping_status":"closed","template":"","meta":{"colormag_page_container_layout":"default_layout","colormag_page_sidebar_layout":"default_layout","footnotes":""},"class_list":["post-177","page","type-page","status-publish","hentry"],"_links":{"self":[{"href":"https:\/\/www.zimne-zahrady.sk\/domains\/zimne-zahrady.sk\/wp-json\/wp\/v2\/pages\/177","targetHints":{"allow":["GET"]}}],"collection":[{"href":"https:\/\/www.zimne-zahrady.sk\/domains\/zimne-zahrady.sk\/wp-json\/wp\/v2\/pages"}],"about":[{"href":"https:\/\/www.zimne-zahrady.sk\/domains\/zimne-zahrady.sk\/wp-json\/wp\/v2\/types\/page"}],"author":[{"embeddable":true,"href":"https:\/\/www.zimne-zahrady.sk\/domains\/zimne-zahrady.sk\/wp-json\/wp\/v2\/users\/1"}],"replies":[{"embeddable":true,"href":"https:\/\/www.zimne-zahrady.sk\/domains\/zimne-zahrady.sk\/wp-json\/wp\/v2\/comments?post=177"}],"version-history":[{"count":7,"href":"https:\/\/www.zimne-zahrady.sk\/domains\/zimne-zahrady.sk\/wp-json\/wp\/v2\/pages\/177\/revisions"}],"predecessor-version":[{"id":705,"href":"https:\/\/www.zimne-zahrady.sk\/domains\/zimne-zahrady.sk\/wp-json\/wp\/v2\/pages\/177\/revisions\/705"}],"up":[{"embeddable":true,"href":"https:\/\/www.zimne-zahrady.sk\/domains\/zimne-zahrady.sk\/wp-json\/wp\/v2\/pages\/40"}],"wp:attachment":[{"href":"https:\/\/www.zimne-zahrady.sk\/domains\/zimne-zahrady.sk\/wp-json\/wp\/v2\/media?parent=177"}],"curies":[{"name":"wp","href":"https:\/\/api.w.org\/{rel}","templated":true}]}}