{"id":40,"date":"2017-10-03T15:37:51","date_gmt":"2017-10-03T13:37:51","guid":{"rendered":"http:\/\/zimne-zahrady.sk\/?page_id=40"},"modified":"2017-10-09T11:20:50","modified_gmt":"2017-10-09T09:20:50","slug":"zasklievanie-balkonov","status":"publish","type":"page","link":"https:\/\/www.zimne-zahrady.sk\/domains\/zimne-zahrady.sk\/zasklievanie-balkonov\/","title":{"rendered":"Zasklievanie balk\u00f3nov"},"content":{"rendered":"<h4><a href=\"https:\/\/www.zimne-zahrady.sk\/domains\/zimne-zahrady.sk\/zasklievanie-balkonov\/ramovy-posuvny-zasklievaci-system-montalu-standart\/\">R\u00e1mov\u00fd pos\u00favny zasklievac\u00ed syst\u00e9m Montalu standart<\/a><\/h4>\n<h4><a href=\"https:\/\/www.zimne-zahrady.sk\/domains\/zimne-zahrady.sk\/zasklievanie-balkonov\/ramovy-posuvny-zasklievaci-system-montalu-standart\/\"><img loading=\"lazy\" decoding=\"async\" class=\"aligncenter wp-image-162\" src=\"https:\/\/www.zimne-zahrady.sk\/domains\/zimne-zahrady.sk\/wp-content\/uploads\/2017\/10\/montalu-zasklenie-balkonov-system-standard-1-300x170.jpg\" alt=\"\" width=\"450\" height=\"255\" srcset=\"https:\/\/www.zimne-zahrady.sk\/domains\/zimne-zahrady.sk\/wp-content\/uploads\/2017\/10\/montalu-zasklenie-balkonov-system-standard-1-300x170.jpg 300w, https:\/\/www.zimne-zahrady.sk\/domains\/zimne-zahrady.sk\/wp-content\/uploads\/2017\/10\/montalu-zasklenie-balkonov-system-standard-1-768x435.jpg 768w, https:\/\/www.zimne-zahrady.sk\/domains\/zimne-zahrady.sk\/wp-content\/uploads\/2017\/10\/montalu-zasklenie-balkonov-system-standard-1-1024x580.jpg 1024w, https:\/\/www.zimne-zahrady.sk\/domains\/zimne-zahrady.sk\/wp-content\/uploads\/2017\/10\/montalu-zasklenie-balkonov-system-standard-1.jpg 1200w\" sizes=\"auto, (max-width: 450px) 100vw, 450px\" \/><\/a><\/h4>\n<h4><a href=\"https:\/\/www.zimne-zahrady.sk\/domains\/zimne-zahrady.sk\/zasklievanie-balkonov\/bezramovy-posuvny-zasklievaci-system-montalu-klasik\/\">Bezr\u00e1mov\u00fd pos\u00favny zasklievac\u00ed syst\u00e9m Montalu klasik<\/a><\/h4>\n<h4><a href=\"https:\/\/www.zimne-zahrady.sk\/domains\/zimne-zahrady.sk\/zasklievanie-balkonov\/bezramovy-posuvny-zasklievaci-system-montalu-klasik\/\"><img loading=\"lazy\" decoding=\"async\" class=\"aligncenter wp-image-163\" src=\"https:\/\/www.zimne-zahrady.sk\/domains\/zimne-zahrady.sk\/wp-content\/uploads\/2017\/10\/montalu-zasklenie-balkonov-system-klasik-3-300x169.jpg\" alt=\"\" width=\"450\" height=\"253\" srcset=\"https:\/\/www.zimne-zahrady.sk\/domains\/zimne-zahrady.sk\/wp-content\/uploads\/2017\/10\/montalu-zasklenie-balkonov-system-klasik-3-300x169.jpg 300w, https:\/\/www.zimne-zahrady.sk\/domains\/zimne-zahrady.sk\/wp-content\/uploads\/2017\/10\/montalu-zasklenie-balkonov-system-klasik-3-768x432.jpg 768w, https:\/\/www.zimne-zahrady.sk\/domains\/zimne-zahrady.sk\/wp-content\/uploads\/2017\/10\/montalu-zasklenie-balkonov-system-klasik-3-1024x576.jpg 1024w, https:\/\/www.zimne-zahrady.sk\/domains\/zimne-zahrady.sk\/wp-content\/uploads\/2017\/10\/montalu-zasklenie-balkonov-system-klasik-3.jpg 1200w\" sizes=\"auto, (max-width: 450px) 100vw, 450px\" \/><\/a><\/h4>\n<h4><a href=\"https:\/\/www.zimne-zahrady.sk\/domains\/zimne-zahrady.sk\/zasklievanie-balkonov\/bezramovy-otocny-zasklievaci-system-montalu-lux\/\">Bezr\u00e1mov\u00fd oto\u010dn\u00fd zasklievac\u00ed syst\u00e9m Montalu lux<\/a><\/h4>\n<h4><a href=\"https:\/\/www.zimne-zahrady.sk\/domains\/zimne-zahrady.sk\/zasklievanie-balkonov\/bezramovy-otocny-zasklievaci-system-montalu-lux\/\"><img loading=\"lazy\" decoding=\"async\" class=\"aligncenter wp-image-164\" src=\"https:\/\/www.zimne-zahrady.sk\/domains\/zimne-zahrady.sk\/wp-content\/uploads\/2017\/10\/montalu-zasklenie-balkonov-system-lux-4-300x169.jpg\" alt=\"\" width=\"450\" height=\"253\" srcset=\"https:\/\/www.zimne-zahrady.sk\/domains\/zimne-zahrady.sk\/wp-content\/uploads\/2017\/10\/montalu-zasklenie-balkonov-system-lux-4-300x169.jpg 300w, https:\/\/www.zimne-zahrady.sk\/domains\/zimne-zahrady.sk\/wp-content\/uploads\/2017\/10\/montalu-zasklenie-balkonov-system-lux-4-768x432.jpg 768w, https:\/\/www.zimne-zahrady.sk\/domains\/zimne-zahrady.sk\/wp-content\/uploads\/2017\/10\/montalu-zasklenie-balkonov-system-lux-4-1024x576.jpg 1024w, https:\/\/www.zimne-zahrady.sk\/domains\/zimne-zahrady.sk\/wp-content\/uploads\/2017\/10\/montalu-zasklenie-balkonov-system-lux-4.jpg 1200w\" sizes=\"auto, (max-width: 450px) 100vw, 450px\" \/><\/a><\/h4>\n","protected":false},"excerpt":{"rendered":"<p>R\u00e1mov\u00fd pos\u00favny zasklievac\u00ed syst\u00e9m Montalu standart Bezr\u00e1mov\u00fd pos\u00favny zasklievac\u00ed syst\u00e9m Montalu klasik Bezr\u00e1mov\u00fd oto\u010dn\u00fd zasklievac\u00ed syst\u00e9m Montalu lux<\/p>\n","protected":false},"author":1,"featured_media":0,"parent":0,"menu_order":0,"comment_status":"closed","ping_status":"closed","template":"","meta":{"colormag_page_container_layout":"default_layout","colormag_page_sidebar_layout":"default_layout","footnotes":""},"class_list":["post-40","page","type-page","status-publish","hentry"],"_links":{"self":[{"href":"https:\/\/www.zimne-zahrady.sk\/domains\/zimne-zahrady.sk\/wp-json\/wp\/v2\/pages\/40","targetHints":{"allow":["GET"]}}],"collection":[{"href":"https:\/\/www.zimne-zahrady.sk\/domains\/zimne-zahrady.sk\/wp-json\/wp\/v2\/pages"}],"about":[{"href":"https:\/\/www.zimne-zahrady.sk\/domains\/zimne-zahrady.sk\/wp-json\/wp\/v2\/types\/page"}],"author":[{"embeddable":true,"href":"https:\/\/www.zimne-zahrady.sk\/domains\/zimne-zahrady.sk\/wp-json\/wp\/v2\/users\/1"}],"replies":[{"embeddable":true,"href":"https:\/\/www.zimne-zahrady.sk\/domains\/zimne-zahrady.sk\/wp-json\/wp\/v2\/comments?post=40"}],"version-history":[{"count":13,"href":"https:\/\/www.zimne-zahrady.sk\/domains\/zimne-zahrady.sk\/wp-json\/wp\/v2\/pages\/40\/revisions"}],"predecessor-version":[{"id":183,"href":"https:\/\/www.zimne-zahrady.sk\/domains\/zimne-zahrady.sk\/wp-json\/wp\/v2\/pages\/40\/revisions\/183"}],"wp:attachment":[{"href":"https:\/\/www.zimne-zahrady.sk\/domains\/zimne-zahrady.sk\/wp-json\/wp\/v2\/media?parent=40"}],"curies":[{"name":"wp","href":"https:\/\/api.w.org\/{rel}","templated":true}]}}