{"id":44,"date":"2017-10-03T15:38:13","date_gmt":"2017-10-03T13:38:13","guid":{"rendered":"http:\/\/zimne-zahrady.sk\/?page_id=44"},"modified":"2017-10-13T15:36:17","modified_gmt":"2017-10-13T13:36:17","slug":"hlinikove-brany-a-ploty","status":"publish","type":"page","link":"https:\/\/www.zimne-zahrady.sk\/domains\/zimne-zahrady.sk\/hlinikove-brany-a-ploty\/","title":{"rendered":"Hlin\u00edkov\u00e9 br\u00e1ny a ploty"},"content":{"rendered":"<p>Pon\u00fakame r\u00f4zne typy hlin\u00edkov\u00fdch br\u00e1n a plotov. Sta\u010d\u00ed si len vybra\u0165.<\/p>\n<h2 style=\"text-align: center;\">Br\u00e1ny<\/h2>\n<h3><strong>Klasick\u00e1 br\u00e1na<\/strong><\/h3>\n<p>Vjazdov\u00e9 alebo vstupn\u00e9 br\u00e1nky s\u00fa neoddelite\u013enou s\u00fa\u010das\u0165ou oplotenia ka\u017ed\u00e9ho domu. Pre dosiahnutie homog\u00e9nneho vzh\u013eadu exteri\u00e9ru, v\u00e1m ich pon\u00fakame v\u00a0rovnakom vyhotoven\u00ed ako oplotenie.<\/p>\n<h3><strong>Posuvn\u00e1 br\u00e1na<\/strong><\/h3>\n<p>N\u00e1ro\u010dnej\u0161ia na priestor po stran\u00e1ch br\u00e1ny. Je osaden\u00e1\u00a0 v osi m\u00farika, cca 4 centimetre za n\u00edm, aby sa mohla pos\u00fava\u0165 do strany za m\u00farik.\u00a0Potrebuje dostatok priestoru na otvorenie.<\/p>\n<h3><strong>Dvojkr\u00eddlov\u00e1 br\u00e1na<\/strong><\/h3>\n<p>Osaden\u00e1 v osi m\u00farika, pre jej uchytenie nie je potrebn\u00e9 bet\u00f3nova\u0165 zvl\u00e1\u0161\u0165 z\u00e1klady. V pr\u00edpade pohonu na br\u00e1nu sa dvojkr\u00eddlov\u00e1 br\u00e1na dok\u00e1\u017ee otvori\u0165 be\u017ene na 120 stup\u0148ov. Pre dvojkr\u00eddlov\u00fa br\u00e1nu na\u0161ej v\u00fdroby nepredstavuje st\u00fapaj\u00faci ter\u00e9n probl\u00e9m.<\/p>\n<h2 style=\"text-align: center;\">Ploty<\/h2>\n<div id='gallery-1' class='gallery galleryid-44 gallery-columns-2 gallery-size-large'><figure class='gallery-item'>\n\t\t\t<div class='gallery-icon landscape'>\n\t\t\t\t<a href='https:\/\/www.zimne-zahrady.sk\/domains\/zimne-zahrady.sk\/wp-content\/uploads\/2017\/10\/montalu-hlinikove-ploty-a-brany-1.jpg'><img loading=\"lazy\" decoding=\"async\" width=\"800\" height=\"450\" src=\"https:\/\/www.zimne-zahrady.sk\/domains\/zimne-zahrady.sk\/wp-content\/uploads\/2017\/10\/montalu-hlinikove-ploty-a-brany-1-1024x576.jpg\" class=\"attachment-large size-large\" alt=\"\" srcset=\"https:\/\/www.zimne-zahrady.sk\/domains\/zimne-zahrady.sk\/wp-content\/uploads\/2017\/10\/montalu-hlinikove-ploty-a-brany-1-1024x576.jpg 1024w, https:\/\/www.zimne-zahrady.sk\/domains\/zimne-zahrady.sk\/wp-content\/uploads\/2017\/10\/montalu-hlinikove-ploty-a-brany-1-300x169.jpg 300w, https:\/\/www.zimne-zahrady.sk\/domains\/zimne-zahrady.sk\/wp-content\/uploads\/2017\/10\/montalu-hlinikove-ploty-a-brany-1-768x432.jpg 768w, https:\/\/www.zimne-zahrady.sk\/domains\/zimne-zahrady.sk\/wp-content\/uploads\/2017\/10\/montalu-hlinikove-ploty-a-brany-1.jpg 1200w\" sizes=\"auto, (max-width: 800px) 100vw, 800px\" \/><\/a>\n\t\t\t<\/div><\/figure><figure class='gallery-item'>\n\t\t\t<div class='gallery-icon landscape'>\n\t\t\t\t<a href='https:\/\/www.zimne-zahrady.sk\/domains\/zimne-zahrady.sk\/wp-content\/uploads\/2017\/10\/montalu-hlinikove-ploty-a-brany-2.jpg'><img loading=\"lazy\" decoding=\"async\" width=\"800\" height=\"450\" src=\"https:\/\/www.zimne-zahrady.sk\/domains\/zimne-zahrady.sk\/wp-content\/uploads\/2017\/10\/montalu-hlinikove-ploty-a-brany-2-1024x576.jpg\" class=\"attachment-large size-large\" alt=\"\" srcset=\"https:\/\/www.zimne-zahrady.sk\/domains\/zimne-zahrady.sk\/wp-content\/uploads\/2017\/10\/montalu-hlinikove-ploty-a-brany-2-1024x576.jpg 1024w, https:\/\/www.zimne-zahrady.sk\/domains\/zimne-zahrady.sk\/wp-content\/uploads\/2017\/10\/montalu-hlinikove-ploty-a-brany-2-300x169.jpg 300w, https:\/\/www.zimne-zahrady.sk\/domains\/zimne-zahrady.sk\/wp-content\/uploads\/2017\/10\/montalu-hlinikove-ploty-a-brany-2-768x432.jpg 768w, https:\/\/www.zimne-zahrady.sk\/domains\/zimne-zahrady.sk\/wp-content\/uploads\/2017\/10\/montalu-hlinikove-ploty-a-brany-2.jpg 1200w\" sizes=\"auto, (max-width: 800px) 100vw, 800px\" \/><\/a>\n\t\t\t<\/div><\/figure>\n\t\t<\/div>\n\n<p>V ponuke hlin\u00edkov\u00fdch plotov V\u00e1m pon\u00fakame celkom 24 z\u00e1kladn\u00fdch mot\u00edvov. Na\u0161e ploty sa tak delia do \u0161tyroch radov: Ty\u010dkov\u00e9 ploty, Okenicov\u00e9 ploty, Kombinovan\u00e9 ploty a Latkov\u00e9 ploty. U v\u0161etk\u00fdch t\u00fdchto typov plotov si ale m\u00f4\u017eete navrhn\u00fa\u0165 vlastn\u00e9 rie\u0161enie, \u010d\u00edm d\u00f4jdeme k tomu, \u017ee t\u00fdchto mot\u00edvov bude nespo\u010detne.<\/p>\n<h3>Latkov\u00fd plot<\/h3>\n<p>Moderne spracovan\u00fd klasick\u00fd typ plotu, s\u00a0mo\u017enos\u0165ou v\u00fdberu zarovnan\u00e9ho alebo obl\u00fakov\u00e9ho zakon\u010denia. Plot m\u00f4\u017ee by\u0165 v\u00a0rovnom alebo tvarovanom preveden\u00ed, pod\u013ea vzoriek z\u00a0ponuky. Mo\u017enos\u0165 v\u00fdberu smeru dosiek, zvislo\/vodorovne.<\/p>\n<p><img loading=\"lazy\" decoding=\"async\" class=\"size-full wp-image-218 aligncenter\" src=\"https:\/\/www.zimne-zahrady.sk\/domains\/zimne-zahrady.sk\/wp-content\/uploads\/2017\/10\/034.jpg\" alt=\"\" width=\"200\" height=\"133\" \/><\/p>\n<h3>Ty\u010dkov\u00fd plot<\/h3>\n<p>Jemn\u00fd dizajn a\u00a0modern\u00e9 prevedenie hlin\u00edkov\u00fdch profilov, s\u00a0mo\u017enos\u0165ou v\u00fdberu zakon\u010denia pod\u013ea vzoriek z\u00a0ponuky. R\u00f4zne tvarov\u00e9 prevedenia.<\/p>\n<p><img loading=\"lazy\" decoding=\"async\" class=\"size-full wp-image-214 aligncenter\" src=\"https:\/\/www.zimne-zahrady.sk\/domains\/zimne-zahrady.sk\/wp-content\/uploads\/2017\/10\/077.jpg\" alt=\"\" width=\"200\" height=\"133\" \/><\/p>\n<h3>Okenicov\u00fd plot<\/h3>\n<p>Modern\u00fd dizajn spojen\u00fd s\u00a0kvalitou hlin\u00edku. V\u00fdroba na mieru, mo\u017enos\u0165 vo\u013eby smeru dosiek \u2013 vodorovne\/zvislo, r\u00f4zne druhy prieh\u013eadnosti plotu.<\/p>\n<p><img loading=\"lazy\" decoding=\"async\" class=\"size-full wp-image-216 aligncenter\" src=\"https:\/\/www.zimne-zahrady.sk\/domains\/zimne-zahrady.sk\/wp-content\/uploads\/2017\/10\/004.jpg\" alt=\"\" width=\"200\" height=\"135\" \/><\/p>\n<h3>Kombinovan\u00fd plot<\/h3>\n<p>Dizajn kombinovan\u00e9ho plota vznikol spojen\u00edm latkov\u00e9ho typu s\u00a0ty\u010dkov\u00fdm. Z\u00e1kladom je latkov\u00fd typ plota doplnen\u00fd o\u00a0ty\u010dkov\u00fd. Mo\u017enos\u0165 kombinovania tvaru plota a\u00a0zakon\u010denia plotoviek pod\u013ea na\u0161ej ponuky vzoriek.<\/p>\n<p><img loading=\"lazy\" decoding=\"async\" class=\"size-full wp-image-217 aligncenter\" src=\"https:\/\/www.zimne-zahrady.sk\/domains\/zimne-zahrady.sk\/wp-content\/uploads\/2017\/10\/022.jpg\" alt=\"\" width=\"200\" height=\"133\" \/><\/p>\n<h2 style=\"text-align: center;\">Farby<\/h2>\n<p><a href=\"https:\/\/www.zimne-zahrady.sk\/domains\/zimne-zahrady.sk\/wp-content\/uploads\/2017\/10\/00-1.png\"><img loading=\"lazy\" decoding=\"async\" class=\"aligncenter wp-image-220 size-full\" src=\"https:\/\/www.zimne-zahrady.sk\/domains\/zimne-zahrady.sk\/wp-content\/uploads\/2017\/10\/00-1.png\" alt=\"\" width=\"943\" height=\"634\" srcset=\"https:\/\/www.zimne-zahrady.sk\/domains\/zimne-zahrady.sk\/wp-content\/uploads\/2017\/10\/00-1.png 943w, https:\/\/www.zimne-zahrady.sk\/domains\/zimne-zahrady.sk\/wp-content\/uploads\/2017\/10\/00-1-300x202.png 300w, https:\/\/www.zimne-zahrady.sk\/domains\/zimne-zahrady.sk\/wp-content\/uploads\/2017\/10\/00-1-768x516.png 768w\" sizes=\"auto, (max-width: 943px) 100vw, 943px\" \/><\/a><\/p>\n","protected":false},"excerpt":{"rendered":"<p>Pon\u00fakame r\u00f4zne typy hlin\u00edkov\u00fdch br\u00e1n a plotov. Sta\u010d\u00ed si len vybra\u0165. Br\u00e1ny Klasick\u00e1 br\u00e1na Vjazdov\u00e9 alebo vstupn\u00e9 br\u00e1nky s\u00fa neoddelite\u013enou<\/p>\n","protected":false},"author":1,"featured_media":0,"parent":0,"menu_order":0,"comment_status":"closed","ping_status":"closed","template":"","meta":{"colormag_page_container_layout":"default_layout","colormag_page_sidebar_layout":"default_layout","footnotes":""},"class_list":["post-44","page","type-page","status-publish","hentry"],"_links":{"self":[{"href":"https:\/\/www.zimne-zahrady.sk\/domains\/zimne-zahrady.sk\/wp-json\/wp\/v2\/pages\/44","targetHints":{"allow":["GET"]}}],"collection":[{"href":"https:\/\/www.zimne-zahrady.sk\/domains\/zimne-zahrady.sk\/wp-json\/wp\/v2\/pages"}],"about":[{"href":"https:\/\/www.zimne-zahrady.sk\/domains\/zimne-zahrady.sk\/wp-json\/wp\/v2\/types\/page"}],"author":[{"embeddable":true,"href":"https:\/\/www.zimne-zahrady.sk\/domains\/zimne-zahrady.sk\/wp-json\/wp\/v2\/users\/1"}],"replies":[{"embeddable":true,"href":"https:\/\/www.zimne-zahrady.sk\/domains\/zimne-zahrady.sk\/wp-json\/wp\/v2\/comments?post=44"}],"version-history":[{"count":13,"href":"https:\/\/www.zimne-zahrady.sk\/domains\/zimne-zahrady.sk\/wp-json\/wp\/v2\/pages\/44\/revisions"}],"predecessor-version":[{"id":249,"href":"https:\/\/www.zimne-zahrady.sk\/domains\/zimne-zahrady.sk\/wp-json\/wp\/v2\/pages\/44\/revisions\/249"}],"wp:attachment":[{"href":"https:\/\/www.zimne-zahrady.sk\/domains\/zimne-zahrady.sk\/wp-json\/wp\/v2\/media?parent=44"}],"curies":[{"name":"wp","href":"https:\/\/api.w.org\/{rel}","templated":true}]}}