{"id":46,"date":"2017-10-03T15:38:25","date_gmt":"2017-10-03T13:38:25","guid":{"rendered":"http:\/\/zimne-zahrady.sk\/?page_id=46"},"modified":"2017-11-09T10:34:12","modified_gmt":"2017-11-09T09:34:12","slug":"zastresenie-vchodu","status":"publish","type":"page","link":"https:\/\/www.zimne-zahrady.sk\/domains\/zimne-zahrady.sk\/zastresenie-vchodu\/","title":{"rendered":"Zastre\u0161enie vchodu"},"content":{"rendered":"<p>Strie\u0161ky nad vchodov\u00e9 dvere plnia praktick\u00fa i estetick\u00fa funkciu. Chr\u00e1nia vstup do bytov\u00e9ho domu v pr\u00edpade nepriazniv\u00e9ho po\u010dasia a dopraj\u00fa jeho obyvate\u013eom komfortn\u00e9 b\u00fdvanie. Vchodov\u00e9 strie\u0161ky m\u00e1me v ponuke v r\u00f4znych tvaroch a materi\u00e1lov\u00fdch kombin\u00e1ciach. M\u00f4\u017eete si zvoli\u0165 stri\u0161ku v obl\u00fakovom, zo\u0161ikmenom, skosenom a inom tvare.<\/p>\n<div id='gallery-1' class='gallery galleryid-46 gallery-columns-4 gallery-size-thumbnail'><figure class='gallery-item'>\n\t\t\t<div class='gallery-icon landscape'>\n\t\t\t\t<a href='https:\/\/www.zimne-zahrady.sk\/domains\/zimne-zahrady.sk\/wp-content\/uploads\/2017\/10\/nerezova_strieska_s_bezpecnostnym_sklom_b_74dc80af9797dd03.jpg'><img loading=\"lazy\" decoding=\"async\" width=\"150\" height=\"150\" src=\"https:\/\/www.zimne-zahrady.sk\/domains\/zimne-zahrady.sk\/wp-content\/uploads\/2017\/10\/nerezova_strieska_s_bezpecnostnym_sklom_b_74dc80af9797dd03-150x150.jpg\" class=\"attachment-thumbnail size-thumbnail\" alt=\"\" \/><\/a>\n\t\t\t<\/div><\/figure><figure class='gallery-item'>\n\t\t\t<div class='gallery-icon landscape'>\n\t\t\t\t<a href='https:\/\/www.zimne-zahrady.sk\/domains\/zimne-zahrady.sk\/wp-content\/uploads\/2017\/10\/nerezova_strieska_s_bezpecnostnym_sklom_b_c9fa2aeb2328aecb.jpg'><img loading=\"lazy\" decoding=\"async\" width=\"150\" height=\"150\" src=\"https:\/\/www.zimne-zahrady.sk\/domains\/zimne-zahrady.sk\/wp-content\/uploads\/2017\/10\/nerezova_strieska_s_bezpecnostnym_sklom_b_c9fa2aeb2328aecb-150x150.jpg\" class=\"attachment-thumbnail size-thumbnail\" alt=\"\" \/><\/a>\n\t\t\t<\/div><\/figure><figure class='gallery-item'>\n\t\t\t<div class='gallery-icon landscape'>\n\t\t\t\t<a href='https:\/\/www.zimne-zahrady.sk\/domains\/zimne-zahrady.sk\/wp-content\/uploads\/2017\/10\/nerezova_strieska_s_polykarbonatom_b_bde73735e3d26e71.jpg'><img loading=\"lazy\" decoding=\"async\" width=\"150\" height=\"150\" src=\"https:\/\/www.zimne-zahrady.sk\/domains\/zimne-zahrady.sk\/wp-content\/uploads\/2017\/10\/nerezova_strieska_s_polykarbonatom_b_bde73735e3d26e71-150x150.jpg\" class=\"attachment-thumbnail size-thumbnail\" alt=\"\" \/><\/a>\n\t\t\t<\/div><\/figure><figure class='gallery-item'>\n\t\t\t<div class='gallery-icon landscape'>\n\t\t\t\t<a href='https:\/\/www.zimne-zahrady.sk\/domains\/zimne-zahrady.sk\/wp-content\/uploads\/2017\/10\/strieska_s_polykarbonatom_b_b431b3c2688e8e37.jpg'><img loading=\"lazy\" decoding=\"async\" width=\"150\" height=\"150\" src=\"https:\/\/www.zimne-zahrady.sk\/domains\/zimne-zahrady.sk\/wp-content\/uploads\/2017\/10\/strieska_s_polykarbonatom_b_b431b3c2688e8e37-150x150.jpg\" class=\"attachment-thumbnail size-thumbnail\" alt=\"\" \/><\/a>\n\t\t\t<\/div><\/figure>\n\t\t<\/div>\n\n","protected":false},"excerpt":{"rendered":"<p>Strie\u0161ky nad vchodov\u00e9 dvere plnia praktick\u00fa i estetick\u00fa funkciu. Chr\u00e1nia vstup do bytov\u00e9ho domu v pr\u00edpade nepriazniv\u00e9ho po\u010dasia a dopraj\u00fa<\/p>\n","protected":false},"author":1,"featured_media":0,"parent":0,"menu_order":0,"comment_status":"closed","ping_status":"closed","template":"","meta":{"colormag_page_container_layout":"default_layout","colormag_page_sidebar_layout":"default_layout","footnotes":""},"class_list":["post-46","page","type-page","status-publish","hentry"],"_links":{"self":[{"href":"https:\/\/www.zimne-zahrady.sk\/domains\/zimne-zahrady.sk\/wp-json\/wp\/v2\/pages\/46","targetHints":{"allow":["GET"]}}],"collection":[{"href":"https:\/\/www.zimne-zahrady.sk\/domains\/zimne-zahrady.sk\/wp-json\/wp\/v2\/pages"}],"about":[{"href":"https:\/\/www.zimne-zahrady.sk\/domains\/zimne-zahrady.sk\/wp-json\/wp\/v2\/types\/page"}],"author":[{"embeddable":true,"href":"https:\/\/www.zimne-zahrady.sk\/domains\/zimne-zahrady.sk\/wp-json\/wp\/v2\/users\/1"}],"replies":[{"embeddable":true,"href":"https:\/\/www.zimne-zahrady.sk\/domains\/zimne-zahrady.sk\/wp-json\/wp\/v2\/comments?post=46"}],"version-history":[{"count":8,"href":"https:\/\/www.zimne-zahrady.sk\/domains\/zimne-zahrady.sk\/wp-json\/wp\/v2\/pages\/46\/revisions"}],"predecessor-version":[{"id":680,"href":"https:\/\/www.zimne-zahrady.sk\/domains\/zimne-zahrady.sk\/wp-json\/wp\/v2\/pages\/46\/revisions\/680"}],"wp:attachment":[{"href":"https:\/\/www.zimne-zahrady.sk\/domains\/zimne-zahrady.sk\/wp-json\/wp\/v2\/media?parent=46"}],"curies":[{"name":"wp","href":"https:\/\/api.w.org\/{rel}","templated":true}]}}