{"id":62,"date":"2017-10-03T15:40:56","date_gmt":"2017-10-03T13:40:56","guid":{"rendered":"http:\/\/zimne-zahrady.sk\/?page_id=62"},"modified":"2018-07-13T10:53:43","modified_gmt":"2018-07-13T08:53:43","slug":"kontaktujte-nas","status":"publish","type":"page","link":"https:\/\/www.zimne-zahrady.sk\/domains\/zimne-zahrady.sk\/kontaktujte-nas\/","title":{"rendered":"Kontaktujte n\u00e1s"},"content":{"rendered":"<p>REINPRO, s.r.o.<br \/>\nBebravsk\u00e1 5032\/8<br \/>\nBratislava 821 07<br \/>\nI\u010cO: 35 935 596<br \/>\nZap\u00edsan\u00e9 v ORSR BA I.,<br \/>\nVlo\u017eka \u010d\u00edslo: 56484\/B<\/p>\n<p>obchodn\u00fd z\u00e1stupca:<br \/>\nJ\u00e1n \u010conka<br \/>\nmob.: <a href=\"tel:+421907893771\">0907 893 771<\/a><br \/>\ntel: <a href=\"tel:+421244250485\">02 4425 0485<\/a><br \/>\nmail: <a href=\"mailto:reinpro@gmail.com\">reinpro@gmail.com<\/a><\/p>\n\n<div class=\"wpcf7 no-js\" id=\"wpcf7-f4-o1\" lang=\"sk-SK\" dir=\"ltr\" data-wpcf7-id=\"4\">\n<div class=\"screen-reader-response\"><p role=\"status\" aria-live=\"polite\" aria-atomic=\"true\"><\/p> <ul><\/ul><\/div>\n<form action=\"\/domains\/zimne-zahrady.sk\/wp-json\/wp\/v2\/pages\/62#wpcf7-f4-o1\" method=\"post\" class=\"wpcf7-form init\" aria-label=\"Kontaktn\u00fd formul\u00e1r\" novalidate=\"novalidate\" data-status=\"init\">\n<fieldset class=\"hidden-fields-container\"><input type=\"hidden\" name=\"_wpcf7\" value=\"4\" \/><input type=\"hidden\" name=\"_wpcf7_version\" value=\"6.1.2\" \/><input type=\"hidden\" name=\"_wpcf7_locale\" value=\"sk_SK\" \/><input type=\"hidden\" name=\"_wpcf7_unit_tag\" value=\"wpcf7-f4-o1\" \/><input type=\"hidden\" name=\"_wpcf7_container_post\" value=\"0\" \/><input type=\"hidden\" name=\"_wpcf7_posted_data_hash\" value=\"\" \/>\n<\/fieldset>\n<p><label> Va\u0161e meno (povinn\u00e9)<br \/>\n<span class=\"wpcf7-form-control-wrap\" data-name=\"your-name\"><input size=\"40\" maxlength=\"400\" class=\"wpcf7-form-control wpcf7-text wpcf7-validates-as-required\" aria-required=\"true\" aria-invalid=\"false\" value=\"\" type=\"text\" name=\"your-name\" \/><\/span> <\/label>\n<\/p>\n<p><label> V\u00e1\u0161 email (povinn\u00e9)<br \/>\n<span class=\"wpcf7-form-control-wrap\" data-name=\"your-email\"><input size=\"40\" maxlength=\"400\" class=\"wpcf7-form-control wpcf7-email wpcf7-validates-as-required wpcf7-text wpcf7-validates-as-email\" aria-required=\"true\" aria-invalid=\"false\" value=\"\" type=\"email\" name=\"your-email\" \/><\/span> <\/label>\n<\/p>\n<p><label>O \u010do m\u00e1te z\u00e1ujem? (povinn\u00e9)<br \/>\n<span class=\"wpcf7-form-control-wrap\" data-name=\"menu-182\"><select class=\"wpcf7-form-control wpcf7-select wpcf7-validates-as-required\" aria-required=\"true\" aria-invalid=\"false\" name=\"menu-182\"><option value=\"\">&#8212;Zvo\u013ete pros\u00edm mo\u017enos\u0165&#8212;<\/option><option value=\"Zimn\u00e9 z\u00e1hrady\">Zimn\u00e9 z\u00e1hrady<\/option><option value=\"Zasklievanie balk\u00f3nov\">Zasklievanie balk\u00f3nov<\/option><option value=\"Z\u00e1bradlie\">Z\u00e1bradlie<\/option><option value=\"Ploty, br\u00e1ny\">Ploty, br\u00e1ny<\/option><option value=\"Zastre\u0161enie, pr\u00edstre\u0161ok\">Zastre\u0161enie, pr\u00edstre\u0161ok<\/option><option value=\"Plastov\u00e9 okno na balk\u00f3n\">Plastov\u00e9 okno na balk\u00f3n<\/option><option value=\"In\u00e9 kon\u0161trukcie\">In\u00e9 kon\u0161trukcie<\/option><\/select><\/span> <\/label>\n<\/p>\n<p><label> Predmet<br \/>\n<span class=\"wpcf7-form-control-wrap\" data-name=\"your-subject\"><input size=\"40\" maxlength=\"400\" class=\"wpcf7-form-control wpcf7-text\" aria-invalid=\"false\" value=\"\" type=\"text\" name=\"your-subject\" \/><\/span> <\/label>\n<\/p>\n<p><label> Va\u0161a spr\u00e1va<br \/>\n<span class=\"wpcf7-form-control-wrap\" data-name=\"your-message\"><textarea cols=\"40\" rows=\"10\" maxlength=\"2000\" class=\"wpcf7-form-control wpcf7-textarea\" aria-invalid=\"false\" name=\"your-message\"><\/textarea><\/span> <\/label>\n<\/p>\n<p>[recaptcha]\n<\/p>\n<p><input class=\"wpcf7-form-control wpcf7-submit has-spinner\" type=\"submit\" value=\"Odo\u0161li\" \/>\n<\/p><div class=\"wpcf7-response-output\" aria-hidden=\"true\"><\/div>\n<\/form>\n<\/div>\n\n","protected":false},"excerpt":{"rendered":"<p>REINPRO, s.r.o. Bebravsk\u00e1 5032\/8 Bratislava 821 07 I\u010cO: 35 935 596 Zap\u00edsan\u00e9 v ORSR BA I., Vlo\u017eka \u010d\u00edslo: 56484\/B obchodn\u00fd<\/p>\n","protected":false},"author":1,"featured_media":0,"parent":0,"menu_order":0,"comment_status":"closed","ping_status":"closed","template":"","meta":{"colormag_page_container_layout":"default_layout","colormag_page_sidebar_layout":"default_layout","footnotes":""},"class_list":["post-62","page","type-page","status-publish","hentry"],"_links":{"self":[{"href":"https:\/\/www.zimne-zahrady.sk\/domains\/zimne-zahrady.sk\/wp-json\/wp\/v2\/pages\/62","targetHints":{"allow":["GET"]}}],"collection":[{"href":"https:\/\/www.zimne-zahrady.sk\/domains\/zimne-zahrady.sk\/wp-json\/wp\/v2\/pages"}],"about":[{"href":"https:\/\/www.zimne-zahrady.sk\/domains\/zimne-zahrady.sk\/wp-json\/wp\/v2\/types\/page"}],"author":[{"embeddable":true,"href":"https:\/\/www.zimne-zahrady.sk\/domains\/zimne-zahrady.sk\/wp-json\/wp\/v2\/users\/1"}],"replies":[{"embeddable":true,"href":"https:\/\/www.zimne-zahrady.sk\/domains\/zimne-zahrady.sk\/wp-json\/wp\/v2\/comments?post=62"}],"version-history":[{"count":7,"href":"https:\/\/www.zimne-zahrady.sk\/domains\/zimne-zahrady.sk\/wp-json\/wp\/v2\/pages\/62\/revisions"}],"predecessor-version":[{"id":721,"href":"https:\/\/www.zimne-zahrady.sk\/domains\/zimne-zahrady.sk\/wp-json\/wp\/v2\/pages\/62\/revisions\/721"}],"wp:attachment":[{"href":"https:\/\/www.zimne-zahrady.sk\/domains\/zimne-zahrady.sk\/wp-json\/wp\/v2\/media?parent=62"}],"curies":[{"name":"wp","href":"https:\/\/api.w.org\/{rel}","templated":true}]}}